{"id":684,"date":"2023-04-25T17:46:47","date_gmt":"2023-04-25T15:46:47","guid":{"rendered":"https:\/\/gorloseforsamlingshus.dk\/?page_id=684"},"modified":"2023-04-25T17:53:08","modified_gmt":"2023-04-25T15:53:08","slug":"depositum","status":"publish","type":"page","link":"https:\/\/gorloseforsamlingshus.dk\/?page_id=684","title":{"rendered":"Depositum"},"content":{"rendered":"\n<p>Nogle vil m\u00e5ske syntes at depositummet er lidt h\u00f8jt.<\/p>\n\n\n\n<p><br>Vi har desv\u00e6rre haft nogle uheldige episoder, hvor det tidligere depositum ikke har sl\u00e5et til. <br>Derfor har vi set os n\u00f8dsaget til at forh\u00f8je depositummet. <br>Depositummet bliver naturligvis tilbagebetalt, hurtigst muligt efter et afholdt arrangement. <\/p>\n\n\n\n<p>Vi regner naturligvis med at folk passer p\u00e5 vores hus, som var det deres eget. <\/p>\n","protected":false},"excerpt":{"rendered":"<p>Nogle vil m\u00e5ske syntes at depositummet er lidt h\u00f8jt. Vi har desv\u00e6rre haft nogle uheldige episoder, hvor det tidligere depositum ikke har sl\u00e5et til. Derfor har vi set os n\u00f8dsaget til at forh\u00f8je depositummet. Depositummet bliver naturligvis tilbagebetalt, hurtigst muligt efter et afholdt arrangement. Vi regner naturligvis med at folk passer p\u00e5 vores hus, som &hellip; <\/p>\n<p class=\"link-more\"><a href=\"https:\/\/gorloseforsamlingshus.dk\/?page_id=684\" class=\"more-link\">L\u00e6s videre<span class=\"screen-reader-text\"> &#8220;Depositum&#8221;<\/span><\/a><\/p>\n","protected":false},"author":1,"featured_media":0,"parent":0,"menu_order":0,"comment_status":"closed","ping_status":"closed","template":"","meta":[],"_links":{"self":[{"href":"https:\/\/gorloseforsamlingshus.dk\/index.php?rest_route=\/wp\/v2\/pages\/684"}],"collection":[{"href":"https:\/\/gorloseforsamlingshus.dk\/index.php?rest_route=\/wp\/v2\/pages"}],"about":[{"href":"https:\/\/gorloseforsamlingshus.dk\/index.php?rest_route=\/wp\/v2\/types\/page"}],"author":[{"embeddable":true,"href":"https:\/\/gorloseforsamlingshus.dk\/index.php?rest_route=\/wp\/v2\/users\/1"}],"replies":[{"embeddable":true,"href":"https:\/\/gorloseforsamlingshus.dk\/index.php?rest_route=%2Fwp%2Fv2%2Fcomments&post=684"}],"version-history":[{"count":3,"href":"https:\/\/gorloseforsamlingshus.dk\/index.php?rest_route=\/wp\/v2\/pages\/684\/revisions"}],"predecessor-version":[{"id":688,"href":"https:\/\/gorloseforsamlingshus.dk\/index.php?rest_route=\/wp\/v2\/pages\/684\/revisions\/688"}],"wp:attachment":[{"href":"https:\/\/gorloseforsamlingshus.dk\/index.php?rest_route=%2Fwp%2Fv2%2Fmedia&parent=684"}],"curies":[{"name":"wp","href":"https:\/\/api.w.org\/{rel}","templated":true}]}}