{"id":42,"date":"2021-04-21T17:09:13","date_gmt":"2021-04-21T15:09:13","guid":{"rendered":"http:\/\/xn--grlseforsamlingshus-v7bc.dk\/teluro\/"},"modified":"2025-09-20T20:05:21","modified_gmt":"2025-09-20T18:05:21","slug":"teluro","status":"publish","type":"page","link":"https:\/\/gorloseforsamlingshus.dk\/","title":{"rendered":""},"content":{"rendered":"<p>Velkommen til G\u00f8rl\u00f8se forsamlingshus hjemmeside.<br \/>P\u00e5 denne side kan du f\u00e5 informationer omkring huset, se om det er ledigt, samt booke huset.\u00a0<\/p>\n<p>\u00a0<\/p>\n<p>\u00a0<\/p>\n<p>\u00a0<\/p>\n\n\n<\/p>\n<p style=\"text-align: center;\">\u00a0<\/p>\n<p>\n\n\n\n<\/p>\n<p>\n\n\n\n<\/p>\n<hr \/>\n<p>\n\n\n\n<\/p>\n<p><strong>\u00d8nsker du at se huset, inden du lejer det, er der \u00e5ben hus sidste Mandag i hver m\u00e5ned kl. 18:00 (P\u00e5 n\u00e6r Juli og December) <\/strong><\/p>\n<p>\n\n\n\n<\/p>\n<figure><a href=\"https:\/\/www.facebook.com\/gorloseforsamlingshus\"><img loading=\"lazy\" src=\"https:\/\/gorloseforsamlingshus.dk\/wp-content\/uploads\/2021\/12\/Facebook-logo-300x188.png\" alt=\"\" width=\"300\" height=\"188\" \/><\/a><br \/>\n<p>\u00a0<\/p>\n<figcaption><\/figcaption>\n<\/figure>\n<p>\n\n\n\n<\/p>\n<p style=\"text-align: center;\"><strong><a href=\"http:\/\/xn--grlseforsamlingshus-v7bc.dk\/?page_id=114\">KONTAKT OS<\/a><\/strong><\/p>\n<p>\n\n\n<p><\/p>\n<p><\/p>","protected":false},"excerpt":{"rendered":"<p>Velkommen til G\u00f8rl\u00f8se forsamlingshus hjemmeside.P\u00e5 denne side kan du f\u00e5 informationer omkring huset, se om det er ledigt, samt booke huset.\u00a0 \u00a0 \u00a0 \u00a0 \u00a0 \u00d8nsker du at se huset, inden du lejer det, er der \u00e5ben hus sidste Mandag i hver m\u00e5ned kl. 18:00 (P\u00e5 n\u00e6r Juli og December) KONTAKT OS<\/p>\n","protected":false},"author":1,"featured_media":0,"parent":0,"menu_order":0,"comment_status":"closed","ping_status":"closed","template":"","meta":[],"_links":{"self":[{"href":"https:\/\/gorloseforsamlingshus.dk\/index.php?rest_route=\/wp\/v2\/pages\/42"}],"collection":[{"href":"https:\/\/gorloseforsamlingshus.dk\/index.php?rest_route=\/wp\/v2\/pages"}],"about":[{"href":"https:\/\/gorloseforsamlingshus.dk\/index.php?rest_route=\/wp\/v2\/types\/page"}],"author":[{"embeddable":true,"href":"https:\/\/gorloseforsamlingshus.dk\/index.php?rest_route=\/wp\/v2\/users\/1"}],"replies":[{"embeddable":true,"href":"https:\/\/gorloseforsamlingshus.dk\/index.php?rest_route=%2Fwp%2Fv2%2Fcomments&post=42"}],"version-history":[{"count":132,"href":"https:\/\/gorloseforsamlingshus.dk\/index.php?rest_route=\/wp\/v2\/pages\/42\/revisions"}],"predecessor-version":[{"id":871,"href":"https:\/\/gorloseforsamlingshus.dk\/index.php?rest_route=\/wp\/v2\/pages\/42\/revisions\/871"}],"wp:attachment":[{"href":"https:\/\/gorloseforsamlingshus.dk\/index.php?rest_route=%2Fwp%2Fv2%2Fmedia&parent=42"}],"curies":[{"name":"wp","href":"https:\/\/api.w.org\/{rel}","templated":true}]}}