{"id":325,"date":"2021-08-17T20:46:35","date_gmt":"2021-08-17T18:46:35","guid":{"rendered":"http:\/\/xn--grlseforsamlingshus-v7bc.dk\/?page_id=325"},"modified":"2026-01-31T19:29:55","modified_gmt":"2026-01-31T18:29:55","slug":"banko","status":"publish","type":"page","link":"https:\/\/gorloseforsamlingshus.dk\/?page_id=325","title":{"rendered":"BANKO"},"content":{"rendered":"\t\t<div data-elementor-type=\"wp-page\" data-elementor-id=\"325\" class=\"elementor elementor-325\" data-elementor-settings=\"[]\">\n\t\t\t\t\t\t\t<div class=\"elementor-section-wrap\">\n\t\t\t\t\t\t\t<section class=\"elementor-section elementor-top-section elementor-element elementor-element-605ecc18 elementor-section-stretched elementor-section-boxed elementor-section-height-default elementor-section-height-default\" data-id=\"605ecc18\" data-element_type=\"section\" data-settings=\"{&quot;stretch_section&quot;:&quot;section-stretched&quot;}\">\n\t\t\t\t\t\t<div class=\"elementor-container elementor-column-gap-default\">\n\t\t\t\t\t<div class=\"elementor-column elementor-col-100 elementor-top-column elementor-element elementor-element-6a9958c2\" data-id=\"6a9958c2\" data-element_type=\"column\">\n\t\t\t<div class=\"elementor-widget-wrap elementor-element-populated\">\n\t\t\t\t\t\t\t\t<div class=\"elementor-element elementor-element-4bc31ed elementor-widget elementor-widget-text-editor\" data-id=\"4bc31ed\" data-element_type=\"widget\" data-widget_type=\"text-editor.default\">\n\t\t\t\t<div class=\"elementor-widget-container\">\n\t\t\t\t\t\t\t<p>HUSK AT MELDE DIG IND I G\u00d8RL\u00d8SE FORSAMLINGSHUS FOR AT KUNNE SPILLE MED<\/p>\n<p><!-- wp:html --><\/p>\n<p><\/p>\n<p><!-- \/wp:html --><\/p>\n<p><!-- wp:paragraph {\"style\":{\"color\":{\"background\":\"#ffe500\"}},\"fontSize\":\"medium\"} --><\/p>\n<p class=\"has-background has-medium-font-size\" style=\"background-color: #ffe500;\"><strong>Vi spiller BANKO den 1. Torsdag i hver m\u00e5ned (Dog holder vi sommerferie Juli og August) <\/strong><\/p>\n<p><!-- \/wp:paragraph --><\/p>\n<p><!-- wp:paragraph --><\/p>\n<p class=\"MsoNormal\">Banko afholdes f\u00f8rste torsdag i hver m\u00e5ned p\u00e5 n\u00e6r juli og August kl. 18.30. Hold \u00f8je i facebookgruppen \u201dBanko i G\u00f8rl\u00f8se forsamlingshus\u201d i tilf\u00e6lde af \u00e6ndringer eller aflysninger. For at gennemf\u00f8re kr\u00e6ver det en del frivillige h\u00e6nder, s\u00e5 meld dig gerne ved opslag.<\/p>\n<p class=\"MsoNormal\">D\u00f8rene \u00e5bner kl. 17.30. Der er<b><u> ikke <\/u><\/b>faste pladser! Max 146 deltagere \u2013 f\u00f8rst til m\u00f8lle<\/p>\n<p class=\"MsoNormal\">\n<\/p><p class=\"MsoNormal\">Medlemskort eller g\u00e6stekort er et krav for at spille. Medlemskort skal k\u00f8bes p\u00e5 forh\u00e5nd via forsamlingshusets hjemmeside. Selve kortet afhentes i baren p\u00e5 spilledag. Pris 50kr. Gyldig et kalender\u00e5r (fx 2024). Ved medlemskab er man ogs\u00e5 velkommen til \u00e5rets generalforsamling. G\u00e6stekort k\u00f8bes i baren, pris 20kr. G\u00e6lder kun den k\u00f8bte dag<\/p>\n<p class=\"MsoNormal\">\n<\/p><p class=\"MsoNormal\">Spil og plader k\u00f8bes i indgangen inden spilstart \u2013 betaling kontant og mobilepay.<\/p>\n<p class=\"MsoNormal\">\n<\/p><p class=\"MsoNormal\">Kan K\u00f8bes:<\/p>\n<p class=\"MsoNormal\">Lotterilodder med 5 numre: pr\u00e6mien er gaver, der tr\u00e6kkes 1 gave pr 100 numre:&nbsp; <strong>20kr<\/strong><\/p>\n<p class=\"MsoNormal\">Kortspil: Pr\u00e6mien er 500kr \u2013 udbetales ved fuld plade (pr\u00e6mien deles ved flere vindere):&nbsp; <strong>20kr<\/strong><\/p>\n<p class=\"MsoNormal\">Potbanko: Pr\u00e6mie er i alt 900kr \u2013 udbetales p\u00e5 1,2,3 r\u00e6kker (i tilf\u00e6lde at ingen har banko udbetales pr\u00e6mien til den\/de der har flest tal pr plade &#8211; pr\u00e6mien deles ved flere vindere):&nbsp;<strong>20kr<\/strong><\/p>\n<p class=\"MsoNormal\">Freeplay: Pr\u00e6mien er i alt 750kr \u2013 udbetales ved 1,2,3,4,5 r\u00e6kker (pr\u00e6mien deles ved flere vindere):&nbsp; &nbsp;<strong>20kr<\/strong><\/p>\n<p class=\"MsoNormal\">Plader: Pr\u00e6mien er 150kr pr r\u00e6kke \u2013 udbetales ved 1,2,3 r\u00e6kker (der spilles om 42 gevinster, gives til alle vindere):&nbsp;<strong>&nbsp;15kr<\/strong><span style=\"font-size: 1rem;\">&nbsp; &nbsp; &nbsp; &nbsp; &nbsp;&nbsp;<\/span><\/p>\n<p class=\"MsoNormal\">Pakkel\u00f8sning: indeholder 6 plader, 1 kortspil, 1 potbanko, 1 kortspil, 2 lotterilodder:&nbsp;<strong>&nbsp;150kr<\/strong><\/p>\n<p class=\"MsoNormal\"><span style=\"font-weight: bold;\">Det er ikke tilladt at medbringe egne plader!&nbsp;&nbsp;&nbsp;<\/span>&nbsp;&nbsp;<\/p><p class=\"MsoNormal\"><br><\/p>\n<p class=\"MsoNormal\">\n<\/p><p class=\"MsoNormal\">Desuden s\u00e6lges ekstra spil, brikker, dupper andet banko udstyr \u2013 se priser p\u00e5 dagen.<\/p>\n<p class=\"MsoNormal\">\n<\/p><p class=\"MsoNormal\">Ved k\u00f8b af plader modtages et kontrolkort. Dette sammen med medlemskort\/g\u00e6stekort skal ligge fremme under spillet og skal til for at modtage pr\u00e6mien.<\/p>\n<p class=\"MsoNormal\">Der tr\u00e6kkes en m\u00e5nedsvinder hver gang p\u00e5 kontrolkortene. Man udfylder p\u00e5 bagsiden navn og medlemsnummer og ligger i dertil h\u00f8rende boks, hvorfra der tr\u00e6kkes m\u00e5neden efter.<\/p>\n<p class=\"MsoNormal\">\n<\/p><p class=\"MsoNormal\"><strong>Baren har \u00e5ben 17.30-18.30 og i pausen (ca. 15 min) hvor der kan k\u00f8bes vand, sodavand, toast, \u00f8l, kaffe\/te, kage, slik)<\/strong><\/p>\n<p class=\"MsoNormal\"><br><\/p><p class=\"MsoNormal\">Godkendelse fra spillemyndighederne ligger separat p\u00e5 hjemmesiden \u2013 her kan ses b\u00e5de selve tilladelsen samt regler vi skal opfylde for at f\u00e5 godkendelsen.<\/p>\n<p><\/p>\n<p class=\"MsoNormal\">Regnskab, som ogs\u00e5 spillemyndighederne skal godkende, ligges op p\u00e5 hjemmesiden senest 01.06 (f\u00f8rste gang 2027), hvori man vil kunne se indt\u00e6gter og udgifter i forbindelse med selve spilafholdelsen samt hvilke form\u00e5l vi har st\u00f8ttet.<\/p>\n<p><img loading=\"lazy\" class=\"alignnone wp-image-885 size-large\" src=\"https:\/\/gorloseforsamlingshus.dk\/wp-content\/uploads\/2026\/01\/banko-ny-729x1024.jpeg\" alt=\"\" width=\"525\" height=\"737\" srcset=\"https:\/\/gorloseforsamlingshus.dk\/wp-content\/uploads\/2026\/01\/banko-ny-729x1024.jpeg 729w, https:\/\/gorloseforsamlingshus.dk\/wp-content\/uploads\/2026\/01\/banko-ny-214x300.jpeg 214w, https:\/\/gorloseforsamlingshus.dk\/wp-content\/uploads\/2026\/01\/banko-ny-768x1078.jpeg 768w, https:\/\/gorloseforsamlingshus.dk\/wp-content\/uploads\/2026\/01\/banko-ny.jpeg 817w\" sizes=\"(max-width: 525px) 100vw, 525px\" \/><\/p>\n<p><!-- \/wp:paragraph --><\/p>\n<p><!-- wp:heading --><\/p>\n<h2><strong> SPONSOR <\/strong><\/h2>\n<p><!-- \/wp:heading --><\/p>\n<p><!-- wp:paragraph --><\/p>\n<p><strong>G\u00f8rl\u00f8se Banko har f\u00e5et doneret fuldautomatisk banko system, med automatisk opr\u00e5b.<\/strong><\/p>\n<p><!-- \/wp:paragraph --><\/p>\n<p><!-- wp:paragraph --><\/p>\n<p><strong>Dette er doneret af Entrepren\u00f8rfirmaet Thillermann ApS<\/strong><\/p>\n<p><!-- \/wp:paragraph --><\/p>\n<p><!-- wp:image {\"id\":455,\"sizeSlug\":\"large\",\"linkDestination\":\"none\"} --><\/p>\n<figure class=\"wp-block-image size-large\"><img loading=\"lazy\" width=\"665\" height=\"1024\" class=\"wp-image-455\" src=\"https:\/\/gorloseforsamlingshus.dk\/wp-content\/uploads\/2021\/12\/received_4345392715510072-665x1024.jpeg\" alt=\"\" srcset=\"https:\/\/gorloseforsamlingshus.dk\/wp-content\/uploads\/2021\/12\/received_4345392715510072-665x1024.jpeg 665w, https:\/\/gorloseforsamlingshus.dk\/wp-content\/uploads\/2021\/12\/received_4345392715510072-195x300.jpeg 195w, https:\/\/gorloseforsamlingshus.dk\/wp-content\/uploads\/2021\/12\/received_4345392715510072-768x1183.jpeg 768w, https:\/\/gorloseforsamlingshus.dk\/wp-content\/uploads\/2021\/12\/received_4345392715510072.jpeg 1330w\" sizes=\"(max-width: 665px) 100vw, 665px\" \/><\/figure>\n<p><!-- \/wp:image --><\/p>\n<p><!-- wp:image {\"id\":759,\"sizeSlug\":\"large\",\"linkDestination\":\"none\"} --><\/p>\n<figure class=\"wp-block-image size-large\"><\/figure>\n<p><!-- \/wp:image --><\/p>\n<p><!-- wp:image {\"align\":\"center\",\"id\":458,\"width\":256,\"height\":160,\"linkDestination\":\"custom\"} --><\/p>\n<div class=\"wp-block-image\">\n<figure class=\"aligncenter is-resized\"><a href=\"https:\/\/www.facebook.com\/groups\/699009353893140\"><img loading=\"lazy\" class=\"wp-image-458\" src=\"http:\/\/xn--grlseforsamlingshus-v7bc.dk\/wp-content\/uploads\/2021\/12\/Facebook-logo-1024x640.png\" alt=\"\" width=\"256\" height=\"160\" srcset=\"https:\/\/gorloseforsamlingshus.dk\/wp-content\/uploads\/2021\/12\/Facebook-logo-1024x640.png 1024w, https:\/\/gorloseforsamlingshus.dk\/wp-content\/uploads\/2021\/12\/Facebook-logo-300x188.png 300w, https:\/\/gorloseforsamlingshus.dk\/wp-content\/uploads\/2021\/12\/Facebook-logo-768x480.png 768w\" sizes=\"(max-width: 256px) 100vw, 256px\" \/><\/a><\/figure>\n<\/div>\n<p><!-- \/wp:image --><\/p>\t\t\t\t\t\t<\/div>\n\t\t\t\t<\/div>\n\t\t\t\t\t<\/div>\n\t\t<\/div>\n\t\t\t\t\t\t\t<\/div>\n\t\t<\/section>\n\t\t\t\t\t\t<\/div>\n\t\t\t\t\t<\/div>\n\t\t","protected":false},"excerpt":{"rendered":"<p>HUSK AT MELDE DIG IND I G\u00d8RL\u00d8SE FORSAMLINGSHUS FOR AT KUNNE SPILLE MED Vi spiller BANKO den 1. Torsdag i hver m\u00e5ned (Dog holder vi sommerferie Juli og August) Banko afholdes f\u00f8rste torsdag i hver m\u00e5ned p\u00e5 n\u00e6r juli og August kl. 18.30. Hold \u00f8je i facebookgruppen \u201dBanko i G\u00f8rl\u00f8se forsamlingshus\u201d i tilf\u00e6lde af \u00e6ndringer &hellip; <\/p>\n<p class=\"link-more\"><a href=\"https:\/\/gorloseforsamlingshus.dk\/?page_id=325\" class=\"more-link\">L\u00e6s videre<span class=\"screen-reader-text\"> &#8220;BANKO&#8221;<\/span><\/a><\/p>\n","protected":false},"author":1,"featured_media":0,"parent":0,"menu_order":0,"comment_status":"closed","ping_status":"closed","template":"","meta":[],"_links":{"self":[{"href":"https:\/\/gorloseforsamlingshus.dk\/index.php?rest_route=\/wp\/v2\/pages\/325"}],"collection":[{"href":"https:\/\/gorloseforsamlingshus.dk\/index.php?rest_route=\/wp\/v2\/pages"}],"about":[{"href":"https:\/\/gorloseforsamlingshus.dk\/index.php?rest_route=\/wp\/v2\/types\/page"}],"author":[{"embeddable":true,"href":"https:\/\/gorloseforsamlingshus.dk\/index.php?rest_route=\/wp\/v2\/users\/1"}],"replies":[{"embeddable":true,"href":"https:\/\/gorloseforsamlingshus.dk\/index.php?rest_route=%2Fwp%2Fv2%2Fcomments&post=325"}],"version-history":[{"count":72,"href":"https:\/\/gorloseforsamlingshus.dk\/index.php?rest_route=\/wp\/v2\/pages\/325\/revisions"}],"predecessor-version":[{"id":918,"href":"https:\/\/gorloseforsamlingshus.dk\/index.php?rest_route=\/wp\/v2\/pages\/325\/revisions\/918"}],"wp:attachment":[{"href":"https:\/\/gorloseforsamlingshus.dk\/index.php?rest_route=%2Fwp%2Fv2%2Fmedia&parent=325"}],"curies":[{"name":"wp","href":"https:\/\/api.w.org\/{rel}","templated":true}]}}