{"id":308,"date":"2021-07-05T18:17:52","date_gmt":"2021-07-05T16:17:52","guid":{"rendered":"http:\/\/xn--grlseforsamlingshus-v7bc.dk\/?page_id=308"},"modified":"2022-02-15T19:48:46","modified_gmt":"2022-02-15T18:48:46","slug":"praktisk-information","status":"publish","type":"page","link":"https:\/\/gorloseforsamlingshus.dk\/?page_id=308","title":{"rendered":"Praktisk"},"content":{"rendered":"\n<p class=\"has-large-font-size\"><strong><a href=\"http:\/\/xn--grlseforsamlingshus-v7bc.dk\/?page_id=480\">Inventar liste<\/a><\/strong><\/p>\n\n\n\n<p>\u00d8nsker du at se huset, inden du lejer det, er der \u00e5ben hus sidste Mandag i hver m\u00e5ned kl. 18:00 (P\u00e5 n\u00e6r Juli og December) <\/p>\n\n\n\n<p>N\u00e5r du har booket huset, vil du modtage en lejekontrakt. Denne skal udfyldes og  returneres, senest 14 dage efter booking, sammen med indbetaling af leje og depositum. <\/p>\n\n\n\n<p>N\u00f8gle udlevering: En uges tid f\u00f8r afholdelse, vil du blive kontaktet vedr. n\u00f8gleoverdragelse. <\/p>\n\n\n\n<p>Ved n\u00f8gle overlevering, vil huset blive gennemg\u00e5et, og det forventes at huset vil blive afleveret i samme stand som det blev modtaget. <\/p>\n\n\n\n<p>Huskeliste til ting du selv skal medbringe: <\/p>\n\n\n\n<ul><li>Toiletpapir <\/li><\/ul>\n\n\n\n<ul><li>H\u00e5ndkl\u00e6der til toiletter <\/li><\/ul>\n\n\n\n<ul><li>Affaldss\u00e6kke<\/li><\/ul>\n\n\n\n<ul><li>Klude og viskestykker<\/li><\/ul>\n\n\n\n<ul><li>Evt. opvaskes\u00e6be <\/li><\/ul>\n\n\n\n<ul><li>Evt. Musikanl\u00e6g (Huset har ikke noget)<\/li><\/ul>\n","protected":false},"excerpt":{"rendered":"<p>Inventar liste \u00d8nsker du at se huset, inden du lejer det, er der \u00e5ben hus sidste Mandag i hver m\u00e5ned kl. 18:00 (P\u00e5 n\u00e6r Juli og December) N\u00e5r du har booket huset, vil du modtage en lejekontrakt. Denne skal udfyldes og returneres, senest 14 dage efter booking, sammen med indbetaling af leje og depositum. N\u00f8gle &hellip; <\/p>\n<p class=\"link-more\"><a href=\"https:\/\/gorloseforsamlingshus.dk\/?page_id=308\" class=\"more-link\">L\u00e6s videre<span class=\"screen-reader-text\"> &#8220;Praktisk&#8221;<\/span><\/a><\/p>\n","protected":false},"author":1,"featured_media":0,"parent":0,"menu_order":0,"comment_status":"closed","ping_status":"closed","template":"","meta":[],"_links":{"self":[{"href":"https:\/\/gorloseforsamlingshus.dk\/index.php?rest_route=\/wp\/v2\/pages\/308"}],"collection":[{"href":"https:\/\/gorloseforsamlingshus.dk\/index.php?rest_route=\/wp\/v2\/pages"}],"about":[{"href":"https:\/\/gorloseforsamlingshus.dk\/index.php?rest_route=\/wp\/v2\/types\/page"}],"author":[{"embeddable":true,"href":"https:\/\/gorloseforsamlingshus.dk\/index.php?rest_route=\/wp\/v2\/users\/1"}],"replies":[{"embeddable":true,"href":"https:\/\/gorloseforsamlingshus.dk\/index.php?rest_route=%2Fwp%2Fv2%2Fcomments&post=308"}],"version-history":[{"count":4,"href":"https:\/\/gorloseforsamlingshus.dk\/index.php?rest_route=\/wp\/v2\/pages\/308\/revisions"}],"predecessor-version":[{"id":482,"href":"https:\/\/gorloseforsamlingshus.dk\/index.php?rest_route=\/wp\/v2\/pages\/308\/revisions\/482"}],"wp:attachment":[{"href":"https:\/\/gorloseforsamlingshus.dk\/index.php?rest_route=%2Fwp%2Fv2%2Fmedia&parent=308"}],"curies":[{"name":"wp","href":"https:\/\/api.w.org\/{rel}","templated":true}]}}