{"id":220,"date":"2021-04-23T18:10:28","date_gmt":"2021-04-23T16:10:28","guid":{"rendered":"http:\/\/xn--grlseforsamlingshus-v7bc.dk\/?page_id=220"},"modified":"2023-12-31T11:00:43","modified_gmt":"2023-12-31T10:00:43","slug":"bliv-medlem","status":"publish","type":"page","link":"https:\/\/gorloseforsamlingshus.dk\/?page_id=220","title":{"rendered":"Bliv medlem"},"content":{"rendered":"\n<h1><strong>Bliv medlem af G\u00f8rl\u00f8se Forsamlingshus<\/strong><\/h1>\n\n\n\n<p>For kun 50,- kr. om \u00e5ret kan du v\u00e6re med til at st\u00f8tte<\/p>\n\n\n\n<p>G\u00f8rl\u00f8se Forsamlingshus.<\/p>\n\n\n\n<p>\u200bMedlemskabet giver dig stemmeret ved generelforsamlingen. <\/p>\n\n\n\n<p>Samt adgang til at deltage i BANKO arrangementerne.<\/p>\n\n\n\n<p><strong><a href=\"https:\/\/gorloseforsamlingshus.dk\/medlem\">Klik her for at tilmelde dig<\/a><\/strong><\/p>\n\n\n\n<p><\/p>\n","protected":false},"excerpt":{"rendered":"<p>Bliv medlem af G\u00f8rl\u00f8se Forsamlingshus For kun 50,- kr. om \u00e5ret kan du v\u00e6re med til at st\u00f8tte G\u00f8rl\u00f8se Forsamlingshus. \u200bMedlemskabet giver dig stemmeret ved generelforsamlingen. Samt adgang til at deltage i BANKO arrangementerne. Klik her for at tilmelde dig<\/p>\n","protected":false},"author":1,"featured_media":0,"parent":212,"menu_order":0,"comment_status":"closed","ping_status":"closed","template":"","meta":[],"_links":{"self":[{"href":"https:\/\/gorloseforsamlingshus.dk\/index.php?rest_route=\/wp\/v2\/pages\/220"}],"collection":[{"href":"https:\/\/gorloseforsamlingshus.dk\/index.php?rest_route=\/wp\/v2\/pages"}],"about":[{"href":"https:\/\/gorloseforsamlingshus.dk\/index.php?rest_route=\/wp\/v2\/types\/page"}],"author":[{"embeddable":true,"href":"https:\/\/gorloseforsamlingshus.dk\/index.php?rest_route=\/wp\/v2\/users\/1"}],"replies":[{"embeddable":true,"href":"https:\/\/gorloseforsamlingshus.dk\/index.php?rest_route=%2Fwp%2Fv2%2Fcomments&post=220"}],"version-history":[{"count":5,"href":"https:\/\/gorloseforsamlingshus.dk\/index.php?rest_route=\/wp\/v2\/pages\/220\/revisions"}],"predecessor-version":[{"id":737,"href":"https:\/\/gorloseforsamlingshus.dk\/index.php?rest_route=\/wp\/v2\/pages\/220\/revisions\/737"}],"up":[{"embeddable":true,"href":"https:\/\/gorloseforsamlingshus.dk\/index.php?rest_route=\/wp\/v2\/pages\/212"}],"wp:attachment":[{"href":"https:\/\/gorloseforsamlingshus.dk\/index.php?rest_route=%2Fwp%2Fv2%2Fmedia&parent=220"}],"curies":[{"name":"wp","href":"https:\/\/api.w.org\/{rel}","templated":true}]}}