{"id":207,"date":"2021-04-23T17:35:29","date_gmt":"2021-04-23T15:35:29","guid":{"rendered":"http:\/\/xn--grlseforsamlingshus-v7bc.dk\/?page_id=207"},"modified":"2026-03-04T17:09:32","modified_gmt":"2026-03-04T16:09:32","slug":"arrangementer","status":"publish","type":"page","link":"https:\/\/gorloseforsamlingshus.dk\/?page_id=207","title":{"rendered":"Arrangementer"},"content":{"rendered":"\n<p><\/p>\n\n\n\n<p>Foreningen G\u00f8rl\u00f8se Forsamlingshus indkalder til ordin\u00e6r Generalforsamling<\/p>\n\n\n\n<p><\/p>\n\n\n\n<p>Torsdag d. 19. marts 2026 kl. 19.00<\/p>\n\n\n\n<p>Dagsorden<\/p>\n\n\n\n<p>Punkt 1.<\/p>\n\n\n\n<p>Valg Af Dirigent og Referent<\/p>\n\n\n\n<p>Punkt 2.<\/p>\n\n\n\n<p>Formandens beretning<\/p>\n\n\n\n<p>Punkt 3.<\/p>\n\n\n\n<p>Freml\u00e6ggelse af regnskab<\/p>\n\n\n\n<p>Punkt 4.<\/p>\n\n\n\n<p>Indkommende forslag. Skal v\u00e6re formanden i h\u00e6nde senest 8 dage f\u00f8r.<\/p>\n\n\n\n<p>Punkt 5.<\/p>\n\n\n\n<p>Valg af<\/p>\n\n\n\n<p>a) bestyrelsesmedlemmer:<\/p>\n\n\n\n<p>Danni Thomsen \u2013 genopstiller<\/p>\n\n\n\n<p>Kimie Pedersen \u2013 genopstiller<\/p>\n\n\n\n<p>Lena Ponsel \u2013 genopstiller<\/p>\n\n\n\n<p>Merete Wolf \u2013 genopstiller<\/p>\n\n\n\n<p>b) En f\u00f8rste og anden suppleant til bestyrelsen<\/p>\n\n\n\n<p>c) En revisorer<\/p>\n\n\n\n<p>d) En revisorsuppleant<\/p>\n\n\n\n<p>Punkt 6<\/p>\n\n\n\n<p>Fasts\u00e6ttelse af kontingent for kalender\u00e5ret 2027<\/p>\n\n\n\n<p>Punkt 7<\/p>\n\n\n\n<p>Eventuelt. Herunder kan intet vedtages<\/p>\n\n\n\n<p>St\u00f8t op om dit forsamlingshus, hvis du ikke er medlem s\u00e5 bliv det, det koster kun 50.00 kr.\/pr person for et helt \u00e5r og giver ogs\u00e5 medlemskab til Banko i G\u00f8rl\u00f8se forsamlingshus.<\/p>\n\n\n\n<p>Medlemskab skal bestilles via hjemmeside g\u00f8rl\u00f8seforsamlingshus.dk og det fysiske kort udleveres i forsamlingshuset til banko eller til generalforsamlingen.<\/p>\n\n\n\n<p>For at v\u00e6re stemmeberettiget skal man v\u00e6re medlem af foreningen.<\/p>\n\n\n\n<p>Mvh. bestyrelsen<\/p>\n\n\n\n<p class=\"has-text-align-center\"><strong>F\u00f8rste Torsdag i hver m\u00e5ned (Sommerferie Juli og August) <\/strong><\/p>\n\n\n\n<figure class=\"wp-block-image size-large\"><img loading=\"lazy\" width=\"729\" height=\"1024\" src=\"https:\/\/gorloseforsamlingshus.dk\/wp-content\/uploads\/2026\/01\/banko-ny-729x1024.jpeg\" alt=\"\" class=\"wp-image-885\" srcset=\"https:\/\/gorloseforsamlingshus.dk\/wp-content\/uploads\/2026\/01\/banko-ny-729x1024.jpeg 729w, https:\/\/gorloseforsamlingshus.dk\/wp-content\/uploads\/2026\/01\/banko-ny-214x300.jpeg 214w, https:\/\/gorloseforsamlingshus.dk\/wp-content\/uploads\/2026\/01\/banko-ny-768x1078.jpeg 768w, https:\/\/gorloseforsamlingshus.dk\/wp-content\/uploads\/2026\/01\/banko-ny.jpeg 817w\" sizes=\"(max-width: 729px) 100vw, 729px\" \/><\/figure>\n","protected":false},"excerpt":{"rendered":"<p>Foreningen G\u00f8rl\u00f8se Forsamlingshus indkalder til ordin\u00e6r Generalforsamling Torsdag d. 19. marts 2026 kl. 19.00 Dagsorden Punkt 1. Valg Af Dirigent og Referent Punkt 2. Formandens beretning Punkt 3. Freml\u00e6ggelse af regnskab Punkt 4. Indkommende forslag. Skal v\u00e6re formanden i h\u00e6nde senest 8 dage f\u00f8r. Punkt 5. Valg af a) bestyrelsesmedlemmer: Danni Thomsen \u2013 genopstiller Kimie &hellip; <\/p>\n<p class=\"link-more\"><a href=\"https:\/\/gorloseforsamlingshus.dk\/?page_id=207\" class=\"more-link\">L\u00e6s videre<span class=\"screen-reader-text\"> &#8220;Arrangementer&#8221;<\/span><\/a><\/p>\n","protected":false},"author":1,"featured_media":0,"parent":0,"menu_order":0,"comment_status":"closed","ping_status":"closed","template":"","meta":[],"_links":{"self":[{"href":"https:\/\/gorloseforsamlingshus.dk\/index.php?rest_route=\/wp\/v2\/pages\/207"}],"collection":[{"href":"https:\/\/gorloseforsamlingshus.dk\/index.php?rest_route=\/wp\/v2\/pages"}],"about":[{"href":"https:\/\/gorloseforsamlingshus.dk\/index.php?rest_route=\/wp\/v2\/types\/page"}],"author":[{"embeddable":true,"href":"https:\/\/gorloseforsamlingshus.dk\/index.php?rest_route=\/wp\/v2\/users\/1"}],"replies":[{"embeddable":true,"href":"https:\/\/gorloseforsamlingshus.dk\/index.php?rest_route=%2Fwp%2Fv2%2Fcomments&post=207"}],"version-history":[{"count":60,"href":"https:\/\/gorloseforsamlingshus.dk\/index.php?rest_route=\/wp\/v2\/pages\/207\/revisions"}],"predecessor-version":[{"id":923,"href":"https:\/\/gorloseforsamlingshus.dk\/index.php?rest_route=\/wp\/v2\/pages\/207\/revisions\/923"}],"wp:attachment":[{"href":"https:\/\/gorloseforsamlingshus.dk\/index.php?rest_route=%2Fwp%2Fv2%2Fmedia&parent=207"}],"curies":[{"name":"wp","href":"https:\/\/api.w.org\/{rel}","templated":true}]}}