{"id":186,"date":"2021-04-23T17:05:44","date_gmt":"2021-04-23T15:05:44","guid":{"rendered":"http:\/\/xn--grlseforsamlingshus-v7bc.dk\/?page_id=186"},"modified":"2022-06-23T08:01:31","modified_gmt":"2022-06-23T06:01:31","slug":"booking","status":"publish","type":"page","link":"https:\/\/gorloseforsamlingshus.dk\/?page_id=186","title":{"rendered":"Booking"},"content":{"rendered":"\n<p>Du kan altid se om huset er ledigt, samt booke det den \u00f8nskede dato.<\/p>\n\n\n\n<p>Dette g\u00f8res i vores booking system herunder.<\/p>\n\n\n\n<p><strong>BEM\u00c6RK: Huset kan KUN reserveres via booking systemet, ikke via mail. <\/strong><\/p>\n\n\n\n<figure class=\"wp-block-image size-full\"><a href=\"https:\/\/gorloseforsamlingshus.dk\/booking\/\" target=\"_blank\" rel=\"noopener\"><img loading=\"lazy\" decoding=\"async\" width=\"300\" height=\"236\" src=\"https:\/\/gorloseforsamlingshus.dk\/wp-content\/uploads\/2022\/02\/onlinebooking-300x236-1.png\" alt=\"\" class=\"wp-image-504\"\/><\/a><\/figure>\n\n\n\n<p>Kalender med nuv\u00e6rende bookinger: <em>(<strong>skal du booke, s\u00e5 tryk p\u00e5 &#8220;Book Online&#8221; ovenfor.<\/strong>)<\/em><\/p>\n\n\n\n<iframe src=\"https:\/\/gorloseforsamlingshus.dk\/booking\/?pid=calendar\" style=\"width: 100%; height: 450px;\"><\/iframe>\n\n\n\n<p><\/p>\n","protected":false},"excerpt":{"rendered":"<p>Du kan altid se om huset er ledigt, samt booke det den \u00f8nskede dato. Dette g\u00f8res i vores booking system herunder. BEM\u00c6RK: Huset kan KUN reserveres via booking systemet, ikke via mail. Kalender med nuv\u00e6rende bookinger: (skal du booke, s\u00e5 tryk p\u00e5 &#8220;Book Online&#8221; ovenfor.)<\/p>\n","protected":false},"author":1,"featured_media":0,"parent":0,"menu_order":0,"comment_status":"closed","ping_status":"closed","template":"","meta":{"footnotes":""},"class_list":["post-186","page","type-page","status-publish","hentry"],"jetpack_sharing_enabled":true,"_links":{"self":[{"href":"https:\/\/gorloseforsamlingshus.dk\/index.php?rest_route=\/wp\/v2\/pages\/186","targetHints":{"allow":["GET"]}}],"collection":[{"href":"https:\/\/gorloseforsamlingshus.dk\/index.php?rest_route=\/wp\/v2\/pages"}],"about":[{"href":"https:\/\/gorloseforsamlingshus.dk\/index.php?rest_route=\/wp\/v2\/types\/page"}],"author":[{"embeddable":true,"href":"https:\/\/gorloseforsamlingshus.dk\/index.php?rest_route=\/wp\/v2\/users\/1"}],"replies":[{"embeddable":true,"href":"https:\/\/gorloseforsamlingshus.dk\/index.php?rest_route=%2Fwp%2Fv2%2Fcomments&post=186"}],"version-history":[{"count":20,"href":"https:\/\/gorloseforsamlingshus.dk\/index.php?rest_route=\/wp\/v2\/pages\/186\/revisions"}],"predecessor-version":[{"id":556,"href":"https:\/\/gorloseforsamlingshus.dk\/index.php?rest_route=\/wp\/v2\/pages\/186\/revisions\/556"}],"wp:attachment":[{"href":"https:\/\/gorloseforsamlingshus.dk\/index.php?rest_route=%2Fwp%2Fv2%2Fmedia&parent=186"}],"curies":[{"name":"wp","href":"https:\/\/api.w.org\/{rel}","templated":true}]}}