{"id":122,"date":"2021-04-21T19:09:36","date_gmt":"2021-04-21T17:09:36","guid":{"rendered":"http:\/\/xn--grlseforsamlingshus-v7bc.dk\/?page_id=122"},"modified":"2025-09-20T20:14:12","modified_gmt":"2025-09-20T18:14:12","slug":"http-xn-grlseforsamlingshus-v7bc-dk-bop","status":"publish","type":"page","link":"https:\/\/gorloseforsamlingshus.dk\/?page_id=122","title":{"rendered":"Husets historie"},"content":{"rendered":"\n<figure class=\"wp-block-image\"><img src=\"http:\/\/xn--grlseforsamlingshus-v7bc.dk\/wp-content\/uploads\/2021\/04\/ad07b2_3d1c6c23c64e4d1087e82fb806f2ea08_mv2.gif\" alt=\"\"\/><figcaption><br> G\u00d8RL\u00d8SE:\u00a0Den 9. februar\u00a01896 m\u00f8dtes fem m\u00e6nd p\u00e5 den gamle<br>rytterskole i G\u00f8rl\u00f8se. Rundt omkring i landet sk\u00f8d forsamlingshusene op,<br>og s\u00e5dan et m\u00e5tte G\u00f8rl\u00f8se ogs\u00e5 have, mente de.<br><br>G\u00e5rdejerM.J.Mathisen slagter L.S. Larsen af Borup<br>g\u00e5rdejer P.Nielsen, J:P:Simonsen og m\u00f8ller H. Nielsen af Gj\u00f8rl\u00f8se<br>besluttede,\u00a0at nu skulle det v\u00e6re.<br><br>En plads blev k\u00f8bt for 600 kr., og s\u00e5 gik arbejdet igang.<br><br>Protokollen fra det mindev\u00e6rdige m\u00f8de er bevaret, og derfor kender man den n\u00f8jagtige dato for stiftelsen af\u00a0<br>Foreningen G\u00f8rl\u00f8se Forsamlingshus.<br><br><br><strong>Var med til at bygge nyt<\/strong><br>Viggo Laustsen og Christen Andersen har v\u00e6ret brugere af forsamlingshuset, siden de kom til<br>G\u00f8rl\u00f8se i henholdvis 1950 og 1952.<br><br>Viggo har v\u00e6ret med i forsamlingshusets bestyrelse siden 1962 og Christen siden 1963\/64.<br><br>Vi har ikke v\u00e6ret til at jage ud siden, men der er nu heller ikke nogen der har<br>bedt os om at g\u00e5,\u00a0lyder det t\u00f8rt fra Christen.<br><br>Begge to var blandt de frivillige, der rev det gamle hus ned og byggede et nyt op.<br><br>Det gamle hus var st\u00f8bt op i flintsten og havde paptag, det var i meget d\u00e5rlig stand.<br><br>Jeg kan huske at slagteren begyndte at sl\u00e5 gulvbr\u00e6dderne i stykker med en stor hammer,<br>men han blev hurtigt stoppet, for br\u00e6dderne var i god stand.<br><br>De kunne fl\u00e6kkes og bruges til forskalning i det nye hus, fort\u00e6ller Christen Andersen.<br><br>Dengang de to\u00a0begynde at komme i forsamlingshuset i 50`erne, var det et sted alle kom, der var simpelhen ikke andre tilbud.<br>\u00a0<br><strong>I dag kan det v\u00e6re sv\u00e6rt at samle de lokale.<\/strong><br><br>Det betyder ikke, at forsamlingshuset ligger \u00f8de hen, tv\u00e6rtimod. Folk kommer langvejs fra for at leje sig indtil private fester &#8211; og s\u00e5 er der naturligvis m\u00e5delige bankospil.<br><br><br>I 1991 blev der lavet en ny tilbygning, s\u00e5 det blev muligt at have to seperate selskaber.<br><br><br><strong>Fra de gamle protokoller<\/strong><br><br>9-2 1896: Forsamlingshusforeningen dannes, og det besluttes at bygge et forsamlingshus<br>19-7 1896: Indvielse at det ny opf\u00f8rte forsamlingshus.Tale ved pastor Barfod, Sk\u00e6vinge<br>3-1 1897: der oprettes en foredragsforening.<br>23-7 1898:Der festes for f\u00f8rste gang sammen med foredragsforeningen og 47.skyttekreds.<br>Jan. 1914:Det vedtages at bygge en ny stald.<br>1916: aftale med sogner\u00e5det om udlejning af lokaler til m\u00f8der, valg m.m.<br>11\/9 1921:25-\u00e5rs jubil\u00e6umsfest med skytteforeningen:tombola,basar, kul\u00f8rte lamper 1923; der indl\u00e6gges elektricitet.<br>1935: Tag repareres, br\u00f8nd med g\u00e5rdpumpe, pissoir opstilles!<br>1939:Problemer med \u00f8konomien, en evt. overtagelse\u00a0dr\u00f8ftes med sogner\u00e5det, der istedet tilbyder at betale h\u00f8jere leje.<br>1945:Der indl\u00e6gges vand.<br>1946: Muligheden for at bygge nyt forsamlingshus dr\u00f8ftes.<br>1951;Fast scene bygges. Udgift deles mellem forsamlingshus, skytteforening, idr\u00e6tsforening, borgerforening, og husmansforening.<br>1952: Bestyrelsen arbejder igen med tanken om at lade kommunen overtage huset.<br>Feb. 1953: Generalforsamling. Afstemning om husets overdragelse: 34 imod, 5 for, og 1 blank.<br>8-7 1959: Generalforsamlingen beslutter at bygge et nyt forsamlingshus.<br>Sept. 1959 L\u00e5n i bondestandens sparekasse med 23 kautionister. Byggeriet g\u00e5r i gang.<br>4-2 1961: Officiel indvielse af nyt forsamlingshus (bestyrer blev ansat sept. 1960<br><br>Der\u00a0tages forbehold for hvis der er oplysningerne der ikke er\u00a0korrekte, det er en direkte afskrift fra Frederiksborg amt avis i anledning af jubil\u00e6et, hvis der er nogen der mener der er ting der b\u00f8r rettes s\u00e5 send en mail eller brug kontaktsiden<br>mvh<br>Erik Noer tidligere bestyrelses formand. <\/figcaption><\/figure>\n\n\n\n<figure class=\"wp-block-gallery has-nested-images columns-default is-cropped\">\n<figure class=\"wp-block-image\"><img data-id=\"365\"  src=\"http:\/\/xn--grlseforsamlingshus-v7bc.dk\/wp-content\/uploads\/2021\/08\/ad07b2_04b0c75cff9b49ad808529a024f0f60f_mv2.jpg\" alt=\"\" class=\"wp-image-365\"\/><\/figure>\n\n\n\n<figure class=\"wp-block-image\"><img data-id=\"366\"  src=\"http:\/\/xn--grlseforsamlingshus-v7bc.dk\/wp-content\/uploads\/2021\/08\/ad07b2_d15948a3bb074d1dad7a2fbef474a4a2_mv2.jpg\" alt=\"\" class=\"wp-image-366\"\/><\/figure>\n<\/figure>\n","protected":false},"excerpt":{"rendered":"","protected":false},"author":1,"featured_media":94,"parent":212,"menu_order":0,"comment_status":"closed","ping_status":"closed","template":"","meta":[],"_links":{"self":[{"href":"https:\/\/gorloseforsamlingshus.dk\/index.php?rest_route=\/wp\/v2\/pages\/122"}],"collection":[{"href":"https:\/\/gorloseforsamlingshus.dk\/index.php?rest_route=\/wp\/v2\/pages"}],"about":[{"href":"https:\/\/gorloseforsamlingshus.dk\/index.php?rest_route=\/wp\/v2\/types\/page"}],"author":[{"embeddable":true,"href":"https:\/\/gorloseforsamlingshus.dk\/index.php?rest_route=\/wp\/v2\/users\/1"}],"replies":[{"embeddable":true,"href":"https:\/\/gorloseforsamlingshus.dk\/index.php?rest_route=%2Fwp%2Fv2%2Fcomments&post=122"}],"version-history":[{"count":8,"href":"https:\/\/gorloseforsamlingshus.dk\/index.php?rest_route=\/wp\/v2\/pages\/122\/revisions"}],"predecessor-version":[{"id":873,"href":"https:\/\/gorloseforsamlingshus.dk\/index.php?rest_route=\/wp\/v2\/pages\/122\/revisions\/873"}],"up":[{"embeddable":true,"href":"https:\/\/gorloseforsamlingshus.dk\/index.php?rest_route=\/wp\/v2\/pages\/212"}],"wp:featuredmedia":[{"embeddable":true,"href":"https:\/\/gorloseforsamlingshus.dk\/index.php?rest_route=\/wp\/v2\/media\/94"}],"wp:attachment":[{"href":"https:\/\/gorloseforsamlingshus.dk\/index.php?rest_route=%2Fwp%2Fv2%2Fmedia&parent=122"}],"curies":[{"name":"wp","href":"https:\/\/api.w.org\/{rel}","templated":true}]}}