{"id":114,"date":"2021-04-21T19:01:51","date_gmt":"2021-04-21T17:01:51","guid":{"rendered":"http:\/\/xn--grlseforsamlingshus-v7bc.dk\/?page_id=114"},"modified":"2021-08-18T14:33:43","modified_gmt":"2021-08-18T12:33:43","slug":"kontakt-os","status":"publish","type":"page","link":"https:\/\/gorloseforsamlingshus.dk\/?page_id=114","title":{"rendered":"Kontakt"},"content":{"rendered":"\n<h2>Vi vil meget gerne h\u00f8re fra dig hvis du har ris\/ros.<\/h2>\n\n\n\n<h2>Eller m\u00e5ske bare en god id\u00e9 til et arrangement.<\/h2>\n\n\n\n<h2>Send os en mail p\u00e5 <\/h2>\n\n\n\n<p><a href=\"mailto:kontakt@gorloseforsamlingshus.dk\">kontakt@gorloseforsamlingshus.dk<\/a><\/p>\n\n\n\n<h2>Foreningen G\u00f8rl\u00f8se Forsamlingshus er en forening hvor bestyrelsen er ul\u00f8nnet, og arbejder med forsamlingshuset i deres fritid, derfor er vi ikke til r\u00e5dighed indenfor normal arbejdstid.<\/h2>\n\n\n\n<div style=\"height:196px\" aria-hidden=\"true\" class=\"wp-block-spacer\"><\/div>\n\n\n\n<p style=\"text-align:center\"><a href=\"https:\/\/nextcloud.ge4.dk\/nextcloud\/login\">..<\/a><\/p>\n","protected":false},"excerpt":{"rendered":"<p>Vi vil meget gerne h\u00f8re fra dig hvis du har ris\/ros. Eller m\u00e5ske bare en god id\u00e9 til et arrangement. Send os en mail p\u00e5 kontakt@gorloseforsamlingshus.dk Foreningen G\u00f8rl\u00f8se Forsamlingshus er en forening hvor bestyrelsen er ul\u00f8nnet, og arbejder med forsamlingshuset i deres fritid, derfor er vi ikke til r\u00e5dighed indenfor normal arbejdstid. ..<\/p>\n","protected":false},"author":1,"featured_media":0,"parent":0,"menu_order":0,"comment_status":"closed","ping_status":"closed","template":"","meta":[],"_links":{"self":[{"href":"https:\/\/gorloseforsamlingshus.dk\/index.php?rest_route=\/wp\/v2\/pages\/114"}],"collection":[{"href":"https:\/\/gorloseforsamlingshus.dk\/index.php?rest_route=\/wp\/v2\/pages"}],"about":[{"href":"https:\/\/gorloseforsamlingshus.dk\/index.php?rest_route=\/wp\/v2\/types\/page"}],"author":[{"embeddable":true,"href":"https:\/\/gorloseforsamlingshus.dk\/index.php?rest_route=\/wp\/v2\/users\/1"}],"replies":[{"embeddable":true,"href":"https:\/\/gorloseforsamlingshus.dk\/index.php?rest_route=%2Fwp%2Fv2%2Fcomments&post=114"}],"version-history":[{"count":7,"href":"https:\/\/gorloseforsamlingshus.dk\/index.php?rest_route=\/wp\/v2\/pages\/114\/revisions"}],"predecessor-version":[{"id":370,"href":"https:\/\/gorloseforsamlingshus.dk\/index.php?rest_route=\/wp\/v2\/pages\/114\/revisions\/370"}],"wp:attachment":[{"href":"https:\/\/gorloseforsamlingshus.dk\/index.php?rest_route=%2Fwp%2Fv2%2Fmedia&parent=114"}],"curies":[{"name":"wp","href":"https:\/\/api.w.org\/{rel}","templated":true}]}}