{"id":111,"date":"2021-04-21T18:59:20","date_gmt":"2021-04-21T16:59:20","guid":{"rendered":"http:\/\/xn--grlseforsamlingshus-v7bc.dk\/?page_id=111"},"modified":"2024-12-29T15:09:20","modified_gmt":"2024-12-29T14:09:20","slug":"priser","status":"publish","type":"page","link":"https:\/\/gorloseforsamlingshus.dk\/?page_id=111","title":{"rendered":"Priser"},"content":{"rendered":"\n<p>(1 d\u00f8gn fra 10 morgen &#8211; 8 morgen)&nbsp;<\/p>\n\n\n\n<p><strong><a href=\"https:\/\/gorloseforsamlingshus.dk\/?page_id=220\" data-type=\"page\" data-id=\"220\">TRYK HER FOR AT BLIVE MEDLEM<\/a><\/strong><\/p>\n\n\n\n<p>Fredag, L\u00f8rdag, S\u00f8ndag og Helligdage:<\/p>\n\n\n\n<p><strong>Stor sal\u00a0(maks. 100 personer):\u00a05000 kr.<\/strong><br>For ikke medlemmer 6250 kr. \u00a0<br><br><strong>Lille sal\u00a0(maks.\u00a050 personer):\u00a03500 kr.\u00a0<\/strong><br>For ikke medlemmer 4400 kr. <br><br><strong>Stor sal + Lille\u00a0\u00a0sal: 6000 kr.<\/strong><br>For ikke medlemmer 7500 kr.<\/p>\n\n\n\n<p><strong>\u200b<\/strong><\/p>\n\n\n\n<p>\u00d8nsker man 2 dage er 2. dagen halv pris af normalpris, oveni.<\/p>\n\n\n\n<p>Fx lille sal 2 dage 3500; + 1750; + dep.<\/p>\n\n\n\n<p>\u200b<\/p>\n\n\n\n<p>\u200b<\/p>\n\n\n\n<p><strong>Hverdags arrangementer man-torsdag kl.16-23:<\/strong><\/p>\n\n\n\n<p>(fx grundejer foreningsm\u00f8der, bestyrelsesm\u00f8der deslige)<\/p>\n\n\n\n<p><strong>Lille sal\u00a0(max. 50 personer)\u00a0650 kr.<\/strong>\u00a0<br>For ikke medlemmer: 850 kr. <\/p>\n\n\n\n<p><strong>Stor sal\u00a0(max. 100 personer)\u00a01250 kr.<\/strong><br>For ikke medlemmer: 1600 kr. <\/p>\n\n\n\n<p>\u200b<\/p>\n\n\n\n<p>\u200bHvis man \u00f8nsker at leje huset til andre arrangementer, p\u00e5 en hverdag.                     <br>S\u00e5 som begravelses kaffe, kontakt os da venligst.  <\/p>\n\n\n\n<p><\/p>\n\n\n\n<p><strong>Depositum er, for alle weekend arrangementer, 5000; kr.<\/strong><\/p>\n\n\n\n<p><strong>Ungdoms arrangementer under 25 \u00e5r er depositum 7000; kr.&nbsp;<\/strong><\/p>\n\n\n\n<p><a href=\"https:\/\/gorloseforsamlingshus.dk\/?page_id=684\">Hvorfor Depositum ? <\/a><\/p>\n\n\n\n<p><a href=\"http:\/\/xn--grlseforsamlingshus-v7bc.dk\/?page_id=101\">Klik her for mere info vedr. ungdomsfester<\/a> <br><br>Hvis du vil v\u00e6re helt sikker p\u00e5 ikke at dele k\u00f8kkenet med andre m\u00e5 vi anbefale at man lejer begge lokaler.<\/p>\n\n\n\n<p>Kontakt os p\u00e5 mail ved sp\u00f8rgsm\u00e5l.<\/p>\n\n\n\n<p>\u200b<\/p>\n\n\n\n<p><strong>Ved aflevering af n\u00f8gler, efter arrangementet, skal lokalerne afleveres i samme stand som da de blev modtaget. Efterf\u00f8lgende bliver lokalet gennemg\u00e5et af reng\u00f8ringspersonale og findes det n\u00f8dvendigt med ekstra reng\u00f8ring bliver det trukket fra depositum.<\/strong><\/p>\n\n\n\n<p><strong><a href=\"http:\/\/xn--grlseforsamlingshus-v7bc.dk\/?page_id=152\">\u200b<\/a><\/strong><a href=\"http:\/\/xn--grlseforsamlingshus-v7bc.dk\/?page_id=152\">Priser p\u00e5 erstatning af inventar<\/a><\/p>\n","protected":false},"excerpt":{"rendered":"<p>(1 d\u00f8gn fra 10 morgen &#8211; 8 morgen)&nbsp; TRYK HER FOR AT BLIVE MEDLEM Fredag, L\u00f8rdag, S\u00f8ndag og Helligdage: Stor sal\u00a0(maks. 100 personer):\u00a05000 kr.For ikke medlemmer 6250 kr. \u00a0 Lille sal\u00a0(maks.\u00a050 personer):\u00a03500 kr.\u00a0For ikke medlemmer 4400 kr. Stor sal + Lille\u00a0\u00a0sal: 6000 kr.For ikke medlemmer 7500 kr. \u200b \u00d8nsker man 2 dage er 2. dagen &hellip; <\/p>\n<p class=\"link-more\"><a href=\"https:\/\/gorloseforsamlingshus.dk\/?page_id=111\" class=\"more-link\">L\u00e6s videre<span class=\"screen-reader-text\"> &#8220;Priser&#8221;<\/span><\/a><\/p>\n","protected":false},"author":1,"featured_media":132,"parent":0,"menu_order":0,"comment_status":"closed","ping_status":"closed","template":"","meta":[],"_links":{"self":[{"href":"https:\/\/gorloseforsamlingshus.dk\/index.php?rest_route=\/wp\/v2\/pages\/111"}],"collection":[{"href":"https:\/\/gorloseforsamlingshus.dk\/index.php?rest_route=\/wp\/v2\/pages"}],"about":[{"href":"https:\/\/gorloseforsamlingshus.dk\/index.php?rest_route=\/wp\/v2\/types\/page"}],"author":[{"embeddable":true,"href":"https:\/\/gorloseforsamlingshus.dk\/index.php?rest_route=\/wp\/v2\/users\/1"}],"replies":[{"embeddable":true,"href":"https:\/\/gorloseforsamlingshus.dk\/index.php?rest_route=%2Fwp%2Fv2%2Fcomments&post=111"}],"version-history":[{"count":16,"href":"https:\/\/gorloseforsamlingshus.dk\/index.php?rest_route=\/wp\/v2\/pages\/111\/revisions"}],"predecessor-version":[{"id":837,"href":"https:\/\/gorloseforsamlingshus.dk\/index.php?rest_route=\/wp\/v2\/pages\/111\/revisions\/837"}],"wp:featuredmedia":[{"embeddable":true,"href":"https:\/\/gorloseforsamlingshus.dk\/index.php?rest_route=\/wp\/v2\/media\/132"}],"wp:attachment":[{"href":"https:\/\/gorloseforsamlingshus.dk\/index.php?rest_route=%2Fwp%2Fv2%2Fmedia&parent=111"}],"curies":[{"name":"wp","href":"https:\/\/api.w.org\/{rel}","templated":true}]}}